{"id":1956,"date":"2024-08-21T13:17:33","date_gmt":"2024-08-21T13:17:33","guid":{"rendered":"https:\/\/ronda14.com\/politique-de-confidentialite\/"},"modified":"2024-11-26T12:02:12","modified_gmt":"2024-11-26T12:02:12","slug":"politique-de-confidentialite","status":"publish","type":"page","link":"https:\/\/ronda14.com\/fr\/politique-de-confidentialite\/","title":{"rendered":"Politique de confidentialit\u00e9"},"content":{"rendered":"\t\t<div data-elementor-type=\"wp-page\" data-elementor-id=\"1956\" class=\"elementor elementor-1956 elementor-530\" data-elementor-post-type=\"page\">\n\t\t\t\t<div class=\"elementor-element elementor-element-4e7e8902 e-flex e-con-boxed e-con e-parent\" data-id=\"4e7e8902\" data-element_type=\"container\" data-e-type=\"container\" data-settings=\"{&quot;background_background&quot;:&quot;classic&quot;}\">\n\t\t\t\t\t<div class=\"e-con-inner\">\n\t\t\t\t<div class=\"elementor-element elementor-element-3e9175c8 elementor-widget__width-inherit elementor-invisible elementor-widget elementor-widget-heading\" data-id=\"3e9175c8\" data-element_type=\"widget\" data-e-type=\"widget\" data-settings=\"{&quot;_animation&quot;:&quot;fadeIn&quot;}\" data-widget_type=\"heading.default\">\n\t\t\t\t<div class=\"elementor-widget-container\">\n\t\t\t\t\t<h1 class=\"elementor-heading-title elementor-size-default\">Politique de confidentialit\u00e9<\/h1>\t\t\t\t<\/div>\n\t\t\t\t<\/div>\n\t\t\t\t<div class=\"elementor-element elementor-element-69b7207b elementor-icon-list--layout-inline elementor-align-center elementor-list-item-link-full_width elementor-invisible elementor-widget elementor-widget-icon-list\" data-id=\"69b7207b\" data-element_type=\"widget\" data-e-type=\"widget\" data-settings=\"{&quot;_animation&quot;:&quot;fadeIn&quot;,&quot;_animation_delay&quot;:200}\" data-widget_type=\"icon-list.default\">\n\t\t\t\t<div class=\"elementor-widget-container\">\n\t\t\t\t\t\t\t<ul class=\"elementor-icon-list-items elementor-inline-items\">\n\t\t\t\t\t\t\t<li class=\"elementor-icon-list-item elementor-inline-item\">\n\t\t\t\t\t\t\t\t\t\t\t<a href=\"\/\">\n\n\t\t\t\t\t\t\t\t\t\t\t<span class=\"elementor-icon-list-text\">Accueil<\/span>\n\t\t\t\t\t\t\t\t\t\t\t<\/a>\n\t\t\t\t\t\t\t\t\t<\/li>\n\t\t\t\t\t\t<\/ul>\n\t\t\t\t\t\t<\/div>\n\t\t\t\t<\/div>\n\t\t\t\t\t<\/div>\n\t\t\t\t<\/div>\n\t\t<div class=\"elementor-element elementor-element-39abfa9c e-flex e-con-boxed e-con e-parent\" data-id=\"39abfa9c\" data-element_type=\"container\" data-e-type=\"container\" data-settings=\"{&quot;background_background&quot;:&quot;classic&quot;}\">\n\t\t\t\t\t<div class=\"e-con-inner\">\n\t\t\t\t<div class=\"elementor-element elementor-element-6ddc20d0 elementor-widget__width-inherit elementor-invisible elementor-widget elementor-widget-text-editor\" data-id=\"6ddc20d0\" data-element_type=\"widget\" data-e-type=\"widget\" data-settings=\"{&quot;_animation&quot;:&quot;fadeIn&quot;,&quot;_animation_delay&quot;:400}\" data-widget_type=\"text-editor.default\">\n\t\t\t\t<div class=\"elementor-widget-container\">\n\t\t\t\t\t\t\t\t\t<h2>I. RESPONSABLE<\/h2><h3>Qui est le responsable du traitement de vos donn\u00e9es ?<\/h3><ul><li>Nom de l&rsquo;entreprise : CAMOTE Y MASHUA, S.L.U.<\/li><li>B74390071<\/li><li>Adresse : C\/ General Oraa, 25 &#8211; 28006, Madrid<\/li><li>T\u00e9l\u00e9phone : 648 17 53 59<\/li><li>Courriel : <a href=\"mailto:restauranteronda14madrid@gmail.com\">restauranteronda14madrid@gmail.com<\/a><\/li><li>Nom et pr\u00e9nom : C Y M AVILES, S.L.U.<\/li><li>B02740827<\/li><li>Adresse : Avenida San Agust\u00edn 7 1\u00baB 33401 Avil\u00e9s &#8211; Asturias<\/li><li>T\u00e9l\u00e9phone : 985 56 17 16<\/li><\/ul><h2>II.<br \/>BUT<\/h2><h3>\u00c0 quelles fins traitons-nous vos donn\u00e9es personnelles ?<\/h3><p>CAMOTE Y MASHUA, S.L.U. et C Y M AVILES, S.L.U. traiteront vos informations dans le but de :<\/p><ul><li>Maintien de la relation d&rsquo;affaires et fourniture du service contractuel<\/li><li>G\u00e9rer les communications par courrier \u00e9lectronique avec les parties prenantes.<\/li><li>Gestion des employ\u00e9s et des ressources humaines de l&rsquo;entreprise.<\/li><\/ul><h3>Combien de temps vos donn\u00e9es seront-elles conserv\u00e9es ?<\/h3><p>Les donn\u00e9es personnelles que vous nous fournissez seront conserv\u00e9es aussi longtemps que la relation commerciale en cours sera maintenue.<br \/>Toutefois, afin d&rsquo;\u00eatre le plus transparent possible avec vous, nous tenons \u00e0 pr\u00e9ciser que les calculs g\u00e9n\u00e9raux avec lesquels nous travaillons sont les suivants :<\/p><ul><li>Comptabilit\u00e9, fiscalit\u00e9 et travail : six (6) ans.<\/li><li>Travail : dix (10) ans.<\/li><\/ul><p>Nonobstant l&rsquo;existence de ces d\u00e9lais g\u00e9n\u00e9raux, nous examinerons p\u00e9riodiquement nos syst\u00e8mes afin de supprimer les donn\u00e9es qui ne sont plus l\u00e9galement n\u00e9cessaires.<\/p><h2>III.<br \/>LA L\u00c9GITIMIT\u00c9<\/h2><h3>Quelle est la l\u00e9gitimit\u00e9 du traitement de vos donn\u00e9es ?<\/h3><p>Le traitement de vos donn\u00e9es est n\u00e9cessaire en fonction des finalit\u00e9s pour lesquelles nos donn\u00e9es sont collect\u00e9es :<\/p><ol><li>Pour g\u00e9rer la relation commerciale que vous avez \u00e9tablie et contract\u00e9e avec nous.<ol><li>Ex\u00e9cution d&rsquo;un contrat (autoris\u00e9e par l&rsquo;article 6, paragraphe 1, point b), du RGPD)<\/li><li>Consentement de la personne concern\u00e9e (couvert par l&rsquo;article 6, paragraphe 1, point a), du RGPD)<\/li><\/ol><\/li><li>G\u00e9rer les communications par courrier \u00e9lectronique avec les parties prenantes.<ol><li>Consentement de la personne concern\u00e9e (couvert par l&rsquo;article 6, paragraphe 1, point a), du RGPD)<\/li><li>Int\u00e9r\u00eat l\u00e9gitime (autoris\u00e9 par l&rsquo;article 6, paragraphe 1, point f), du RGPD)<\/li><\/ol><\/li><li>Gestion des ressources humaines internes de l&rsquo;entreprise et des employ\u00e9s<ol><li>Ex\u00e9cution contractuelle (autoris\u00e9e par l&rsquo;article 6, paragraphe 1, point b), du RGPD)<\/li><\/ol><\/li><\/ol><p>En outre, toutes les donn\u00e9es collect\u00e9es sont n\u00e9cessaires \u00e0 la fourniture du service.<br \/>Toutefois, les donn\u00e9es marqu\u00e9es d&rsquo;un ast\u00e9risque (*) sont obligatoires.<br \/>Si les donn\u00e9es obligatoires ne sont pas fournies, CAMOTE Y MASHUA, S.L.U. et C Y M AVILES, S.L.U. ne seront pas en mesure de fournir le service contract\u00e9.<\/p><h2>IV.<br \/>DROITS DES PERSONNES CONCERN\u00c9ES<\/h2><h3>Quels sont mes droits en mati\u00e8re de protection des donn\u00e9es ?<\/h3><p>Vous pouvez exercer l&rsquo;un des droits suivants en nous contactant \u00e0 l&rsquo;adresse \u00e9lectronique indiqu\u00e9e dans la rubrique restauranteronda14madrid@gmail.com.<br \/>Dans tous les cas, conform\u00e9ment \u00e0 la l\u00e9gislation en vigueur, vous avez le droit de :<\/p><ul><li>Droit de demander l&rsquo;acc\u00e8s aux donn\u00e9es personnelles concernant la personne concern\u00e9e.<\/li><li>Le droit de demander sa rectification ou son effacement.<\/li><li>Le droit de demander la limitation du traitement.<\/li><li>Droit d&rsquo;opposition au traitement.<\/li><li>Droit \u00e0 la portabilit\u00e9.<\/li><\/ul><p>Vous pouvez utiliser les formulaires suivants pour exercer vos droits plus facilement.<br \/>Vous pouvez les t\u00e9l\u00e9charger en cliquant <a href=\"https:\/\/ronda14.com\/wp-content\/uploads\/2024\/11\/Derechos-de-los-interesados-politicas-privacidad.pdf\">ici<\/a>.<br \/>En outre, vous pouvez d\u00e9poser une plainte aupr\u00e8s de l&rsquo;Agence espagnole de protection des donn\u00e9es (AEPD).<br \/>Vous trouverez plus d&rsquo;informations \u00e0 ce sujet dans la section VII du pr\u00e9sent document.<\/p><h2>V. PUBLIC CIBLE<\/h2><h3>\u00c0 quels destinataires vos donn\u00e9es seront-elles communiqu\u00e9es ?<\/h3><p>Vos donn\u00e9es ne seront pas transmises \u00e0 des tiers.<br \/>Nous vous informons \u00e9galement que vos donn\u00e9es ne feront pas l&rsquo;objet d&rsquo;un transfert international vers un pays tiers.<\/p><h2>VI.<br \/>ORIGINE DE VOS DONN\u00c9ES<\/h2><h3>Comment avons-nous obtenu vos donn\u00e9es ?<\/h3><p>Les donn\u00e9es personnelles utilis\u00e9es par CAMOTE Y MASHUA, S.L.U. et C Y M AVIL\u00c9S, S.L.U. proviennent de l&rsquo;int\u00e9ress\u00e9.<\/p><h3>Quelles cat\u00e9gories de donn\u00e9es traitons-nous ?<\/h3><p>Les cat\u00e9gories de donn\u00e9es personnelles trait\u00e9es :<\/p><ul><li>Donn\u00e9es d&rsquo;identification<ul><li>Nom<\/li><li>Nom de famille<\/li><li>DNI \/ NIE \/ Passeport ou document \u00e9quivalent<\/li><li>Adresses postales<\/li><li>Adresses \u00e9lectroniques<\/li><li>Le sexe<\/li><li>Date de naissance<\/li><li>Lieu de naissance<\/li><\/ul><\/li><li>Informations commerciales<\/li><li>Donn\u00e9es \u00e9conomiques<ul><li>Num\u00e9ro de compte bancaire<\/li><li>Num\u00e9ro de carte de cr\u00e9dit<\/li><\/ul><\/li><\/ul><p>Dans le cadre des soins et\/ou des services m\u00e9dicaux fournis par CAMOTE Y MASHUA, S.L.U. et par C Y M AVIL\u00c9S, S.L.U., des donn\u00e9es sp\u00e9cialement prot\u00e9g\u00e9es sont trait\u00e9es avec le consentement explicite de l&rsquo;int\u00e9ress\u00e9.<br \/>Les donn\u00e9es collect\u00e9es sont uniquement celles d\u00e9riv\u00e9es du service contract\u00e9 et\/ou fourni \u00e0 l&rsquo;utilisateur.<\/p><h2>VII.<br \/>AUTORIT\u00c9 DE CONTR\u00d4LE<\/h2><p>CAMOTE Y MASHUA, S.L.U. et C Y M AVIL\u00c9S, S.L.U. s&rsquo;efforcent de respecter la r\u00e9glementation en mati\u00e8re de protection des donn\u00e9es, car il s&rsquo;agit de notre bien le plus pr\u00e9cieux.<br \/>Cependant, nous vous informons que si vous estimez que vos droits ont \u00e9t\u00e9 l\u00e9s\u00e9s, vous pouvez d\u00e9poser une plainte aupr\u00e8s de l&rsquo;Agence espagnole de protection des donn\u00e9es (AEPD), situ\u00e9e \u00e0 C\/ Jorge Juan, 6.<br \/>28001 &#8211; Madrid.<br \/>Plus d&rsquo;informations sur l&rsquo;AEPD. <a href=\"http:\/\/www.agpd.es\/\" target=\"_blank\" rel=\"noopener\">http:\/\/www.agpd.es\/<\/a><\/p>\t\t\t\t\t\t\t\t<\/div>\n\t\t\t\t<\/div>\n\t\t\t\t\t<\/div>\n\t\t\t\t<\/div>\n\t\t\t\t<\/div>\n\t\t","protected":false},"excerpt":{"rendered":"<p>Politique de confidentialit\u00e9 Accueil I. RESPONSABLE Qui est le responsable du traitement de vos donn\u00e9es ? Nom de l&rsquo;entreprise : CAMOTE Y MASHUA, S.L.U. B74390071 Adresse : C\/ General Oraa, 25 &#8211; 28006, Madrid T\u00e9l\u00e9phone : 648 17 53 59 Courriel : restauranteronda14madrid@gmail.com Nom et pr\u00e9nom : C Y M AVILES, S.L.U. B02740827 Adresse : [&hellip;]<\/p>\n","protected":false},"author":1,"featured_media":0,"parent":0,"menu_order":0,"comment_status":"closed","ping_status":"closed","template":"","meta":{"footnotes":""},"class_list":["post-1956","page","type-page","status-publish","hentry"],"yoast_head":"<!-- This site is optimized with the Yoast SEO plugin v27.3 - https:\/\/yoast.com\/product\/yoast-seo-wordpress\/ -->\n<title>Politique de confidentialit\u00e9 | Ronda 14<\/title>\n<meta name=\"robots\" content=\"noindex, follow\" \/>\n<meta property=\"og:locale\" content=\"fr_FR\" \/>\n<meta property=\"og:type\" content=\"article\" \/>\n<meta property=\"og:title\" content=\"Politique de confidentialit\u00e9 | Ronda 14\" \/>\n<meta property=\"og:description\" content=\"Politique de confidentialit\u00e9 Accueil I. RESPONSABLE Qui est le responsable du traitement de vos donn\u00e9es ? Nom de l&rsquo;entreprise : CAMOTE Y MASHUA, S.L.U. B74390071 Adresse : C\/ General Oraa, 25 &#8211; 28006, Madrid T\u00e9l\u00e9phone : 648 17 53 59 Courriel : restauranteronda14madrid@gmail.com Nom et pr\u00e9nom : C Y M AVILES, S.L.U. B02740827 Adresse : [&hellip;]\" \/>\n<meta property=\"og:url\" content=\"https:\/\/ronda14.com\/fr\/politique-de-confidentialite\/\" \/>\n<meta property=\"og:site_name\" content=\"Ronda 14\" \/>\n<meta property=\"article:modified_time\" content=\"2024-11-26T12:02:12+00:00\" \/>\n<meta property=\"og:image\" content=\"https:\/\/ronda14.com\/wp-content\/uploads\/2024\/08\/ronda14_restaurante_logo.png\" \/>\n\t<meta property=\"og:image:width\" content=\"200\" \/>\n\t<meta property=\"og:image:height\" content=\"94\" \/>\n\t<meta property=\"og:image:type\" content=\"image\/png\" \/>\n<meta name=\"twitter:card\" content=\"summary_large_image\" \/>\n<meta name=\"twitter:label1\" content=\"Dur\u00e9e de lecture estim\u00e9e\" \/>\n\t<meta name=\"twitter:data1\" content=\"4 minutes\" \/>\n<script type=\"application\/ld+json\" class=\"yoast-schema-graph\">{\"@context\":\"https:\\\/\\\/schema.org\",\"@graph\":[{\"@type\":\"Article\",\"@id\":\"https:\\\/\\\/ronda14.com\\\/fr\\\/politique-de-confidentialite\\\/#article\",\"isPartOf\":{\"@id\":\"https:\\\/\\\/ronda14.com\\\/fr\\\/politique-de-confidentialite\\\/\"},\"author\":{\"name\":\"ronda14\",\"@id\":\"https:\\\/\\\/ronda14.com\\\/fr\\\/#\\\/schema\\\/person\\\/6db7a9d59e22c129fece9e94d27ccd1c\"},\"headline\":\"Politique de confidentialit\u00e9\",\"datePublished\":\"2024-08-21T13:17:33+00:00\",\"dateModified\":\"2024-11-26T12:02:12+00:00\",\"mainEntityOfPage\":{\"@id\":\"https:\\\/\\\/ronda14.com\\\/fr\\\/politique-de-confidentialite\\\/\"},\"wordCount\":892,\"publisher\":{\"@id\":\"https:\\\/\\\/ronda14.com\\\/fr\\\/#organization\"},\"inLanguage\":\"fr-FR\"},{\"@type\":\"WebPage\",\"@id\":\"https:\\\/\\\/ronda14.com\\\/fr\\\/politique-de-confidentialite\\\/\",\"url\":\"https:\\\/\\\/ronda14.com\\\/fr\\\/politique-de-confidentialite\\\/\",\"name\":\"Politique de confidentialit\u00e9 | Ronda 14\",\"isPartOf\":{\"@id\":\"https:\\\/\\\/ronda14.com\\\/fr\\\/#website\"},\"datePublished\":\"2024-08-21T13:17:33+00:00\",\"dateModified\":\"2024-11-26T12:02:12+00:00\",\"breadcrumb\":{\"@id\":\"https:\\\/\\\/ronda14.com\\\/fr\\\/politique-de-confidentialite\\\/#breadcrumb\"},\"inLanguage\":\"fr-FR\",\"potentialAction\":[{\"@type\":\"ReadAction\",\"target\":[\"https:\\\/\\\/ronda14.com\\\/fr\\\/politique-de-confidentialite\\\/\"]}]},{\"@type\":\"BreadcrumbList\",\"@id\":\"https:\\\/\\\/ronda14.com\\\/fr\\\/politique-de-confidentialite\\\/#breadcrumb\",\"itemListElement\":[{\"@type\":\"ListItem\",\"position\":1,\"name\":\"Portada\",\"item\":\"https:\\\/\\\/ronda14.com\\\/fr\\\/\"},{\"@type\":\"ListItem\",\"position\":2,\"name\":\"Politique de confidentialit\u00e9\"}]},{\"@type\":\"WebSite\",\"@id\":\"https:\\\/\\\/ronda14.com\\\/fr\\\/#website\",\"url\":\"https:\\\/\\\/ronda14.com\\\/fr\\\/\",\"name\":\"Ronda 14\",\"description\":\"Restaurante Fusi\u00f3n peruano japonesa y comida Nikkei\",\"publisher\":{\"@id\":\"https:\\\/\\\/ronda14.com\\\/fr\\\/#organization\"},\"potentialAction\":[{\"@type\":\"SearchAction\",\"target\":{\"@type\":\"EntryPoint\",\"urlTemplate\":\"https:\\\/\\\/ronda14.com\\\/fr\\\/?s={search_term_string}\"},\"query-input\":{\"@type\":\"PropertyValueSpecification\",\"valueRequired\":true,\"valueName\":\"search_term_string\"}}],\"inLanguage\":\"fr-FR\"},{\"@type\":\"Organization\",\"@id\":\"https:\\\/\\\/ronda14.com\\\/fr\\\/#organization\",\"name\":\"Ronda 14\",\"url\":\"https:\\\/\\\/ronda14.com\\\/fr\\\/\",\"logo\":{\"@type\":\"ImageObject\",\"inLanguage\":\"fr-FR\",\"@id\":\"https:\\\/\\\/ronda14.com\\\/fr\\\/#\\\/schema\\\/logo\\\/image\\\/\",\"url\":\"https:\\\/\\\/ronda14.com\\\/wp-content\\\/uploads\\\/2024\\\/08\\\/ronda14_restaurante_logo.png\",\"contentUrl\":\"https:\\\/\\\/ronda14.com\\\/wp-content\\\/uploads\\\/2024\\\/08\\\/ronda14_restaurante_logo.png\",\"width\":200,\"height\":94,\"caption\":\"Ronda 14\"},\"image\":{\"@id\":\"https:\\\/\\\/ronda14.com\\\/fr\\\/#\\\/schema\\\/logo\\\/image\\\/\"}},{\"@type\":\"Person\",\"@id\":\"https:\\\/\\\/ronda14.com\\\/fr\\\/#\\\/schema\\\/person\\\/6db7a9d59e22c129fece9e94d27ccd1c\",\"name\":\"ronda14\",\"image\":{\"@type\":\"ImageObject\",\"inLanguage\":\"fr-FR\",\"@id\":\"https:\\\/\\\/secure.gravatar.com\\\/avatar\\\/138e56bd5c0eb9dc2ca150e90a72cecdaf7cd3c50f62a923fabe62515a19bf3b?s=96&d=mm&r=g\",\"url\":\"https:\\\/\\\/secure.gravatar.com\\\/avatar\\\/138e56bd5c0eb9dc2ca150e90a72cecdaf7cd3c50f62a923fabe62515a19bf3b?s=96&d=mm&r=g\",\"contentUrl\":\"https:\\\/\\\/secure.gravatar.com\\\/avatar\\\/138e56bd5c0eb9dc2ca150e90a72cecdaf7cd3c50f62a923fabe62515a19bf3b?s=96&d=mm&r=g\",\"caption\":\"ronda14\"},\"sameAs\":[\"https:\\\/\\\/ronda14.com\"],\"url\":\"https:\\\/\\\/ronda14.com\\\/fr\\\/author\\\/ronda14\\\/\"}]}<\/script>\n<!-- \/ Yoast SEO plugin. -->","yoast_head_json":{"title":"Politique de confidentialit\u00e9 | Ronda 14","robots":{"index":"noindex","follow":"follow"},"og_locale":"fr_FR","og_type":"article","og_title":"Politique de confidentialit\u00e9 | Ronda 14","og_description":"Politique de confidentialit\u00e9 Accueil I. RESPONSABLE Qui est le responsable du traitement de vos donn\u00e9es ? Nom de l&rsquo;entreprise : CAMOTE Y MASHUA, S.L.U. B74390071 Adresse : C\/ General Oraa, 25 &#8211; 28006, Madrid T\u00e9l\u00e9phone : 648 17 53 59 Courriel : restauranteronda14madrid@gmail.com Nom et pr\u00e9nom : C Y M AVILES, S.L.U. B02740827 Adresse : [&hellip;]","og_url":"https:\/\/ronda14.com\/fr\/politique-de-confidentialite\/","og_site_name":"Ronda 14","article_modified_time":"2024-11-26T12:02:12+00:00","og_image":[{"width":200,"height":94,"url":"https:\/\/ronda14.com\/wp-content\/uploads\/2024\/08\/ronda14_restaurante_logo.png","type":"image\/png"}],"twitter_card":"summary_large_image","twitter_misc":{"Dur\u00e9e de lecture estim\u00e9e":"4 minutes"},"schema":{"@context":"https:\/\/schema.org","@graph":[{"@type":"Article","@id":"https:\/\/ronda14.com\/fr\/politique-de-confidentialite\/#article","isPartOf":{"@id":"https:\/\/ronda14.com\/fr\/politique-de-confidentialite\/"},"author":{"name":"ronda14","@id":"https:\/\/ronda14.com\/fr\/#\/schema\/person\/6db7a9d59e22c129fece9e94d27ccd1c"},"headline":"Politique de confidentialit\u00e9","datePublished":"2024-08-21T13:17:33+00:00","dateModified":"2024-11-26T12:02:12+00:00","mainEntityOfPage":{"@id":"https:\/\/ronda14.com\/fr\/politique-de-confidentialite\/"},"wordCount":892,"publisher":{"@id":"https:\/\/ronda14.com\/fr\/#organization"},"inLanguage":"fr-FR"},{"@type":"WebPage","@id":"https:\/\/ronda14.com\/fr\/politique-de-confidentialite\/","url":"https:\/\/ronda14.com\/fr\/politique-de-confidentialite\/","name":"Politique de confidentialit\u00e9 | Ronda 14","isPartOf":{"@id":"https:\/\/ronda14.com\/fr\/#website"},"datePublished":"2024-08-21T13:17:33+00:00","dateModified":"2024-11-26T12:02:12+00:00","breadcrumb":{"@id":"https:\/\/ronda14.com\/fr\/politique-de-confidentialite\/#breadcrumb"},"inLanguage":"fr-FR","potentialAction":[{"@type":"ReadAction","target":["https:\/\/ronda14.com\/fr\/politique-de-confidentialite\/"]}]},{"@type":"BreadcrumbList","@id":"https:\/\/ronda14.com\/fr\/politique-de-confidentialite\/#breadcrumb","itemListElement":[{"@type":"ListItem","position":1,"name":"Portada","item":"https:\/\/ronda14.com\/fr\/"},{"@type":"ListItem","position":2,"name":"Politique de confidentialit\u00e9"}]},{"@type":"WebSite","@id":"https:\/\/ronda14.com\/fr\/#website","url":"https:\/\/ronda14.com\/fr\/","name":"Ronda 14","description":"Restaurante Fusi\u00f3n peruano japonesa y comida Nikkei","publisher":{"@id":"https:\/\/ronda14.com\/fr\/#organization"},"potentialAction":[{"@type":"SearchAction","target":{"@type":"EntryPoint","urlTemplate":"https:\/\/ronda14.com\/fr\/?s={search_term_string}"},"query-input":{"@type":"PropertyValueSpecification","valueRequired":true,"valueName":"search_term_string"}}],"inLanguage":"fr-FR"},{"@type":"Organization","@id":"https:\/\/ronda14.com\/fr\/#organization","name":"Ronda 14","url":"https:\/\/ronda14.com\/fr\/","logo":{"@type":"ImageObject","inLanguage":"fr-FR","@id":"https:\/\/ronda14.com\/fr\/#\/schema\/logo\/image\/","url":"https:\/\/ronda14.com\/wp-content\/uploads\/2024\/08\/ronda14_restaurante_logo.png","contentUrl":"https:\/\/ronda14.com\/wp-content\/uploads\/2024\/08\/ronda14_restaurante_logo.png","width":200,"height":94,"caption":"Ronda 14"},"image":{"@id":"https:\/\/ronda14.com\/fr\/#\/schema\/logo\/image\/"}},{"@type":"Person","@id":"https:\/\/ronda14.com\/fr\/#\/schema\/person\/6db7a9d59e22c129fece9e94d27ccd1c","name":"ronda14","image":{"@type":"ImageObject","inLanguage":"fr-FR","@id":"https:\/\/secure.gravatar.com\/avatar\/138e56bd5c0eb9dc2ca150e90a72cecdaf7cd3c50f62a923fabe62515a19bf3b?s=96&d=mm&r=g","url":"https:\/\/secure.gravatar.com\/avatar\/138e56bd5c0eb9dc2ca150e90a72cecdaf7cd3c50f62a923fabe62515a19bf3b?s=96&d=mm&r=g","contentUrl":"https:\/\/secure.gravatar.com\/avatar\/138e56bd5c0eb9dc2ca150e90a72cecdaf7cd3c50f62a923fabe62515a19bf3b?s=96&d=mm&r=g","caption":"ronda14"},"sameAs":["https:\/\/ronda14.com"],"url":"https:\/\/ronda14.com\/fr\/author\/ronda14\/"}]}},"_links":{"self":[{"href":"https:\/\/ronda14.com\/fr\/wp-json\/wp\/v2\/pages\/1956","targetHints":{"allow":["GET"]}}],"collection":[{"href":"https:\/\/ronda14.com\/fr\/wp-json\/wp\/v2\/pages"}],"about":[{"href":"https:\/\/ronda14.com\/fr\/wp-json\/wp\/v2\/types\/page"}],"author":[{"embeddable":true,"href":"https:\/\/ronda14.com\/fr\/wp-json\/wp\/v2\/users\/1"}],"replies":[{"embeddable":true,"href":"https:\/\/ronda14.com\/fr\/wp-json\/wp\/v2\/comments?post=1956"}],"version-history":[{"count":12,"href":"https:\/\/ronda14.com\/fr\/wp-json\/wp\/v2\/pages\/1956\/revisions"}],"predecessor-version":[{"id":3129,"href":"https:\/\/ronda14.com\/fr\/wp-json\/wp\/v2\/pages\/1956\/revisions\/3129"}],"wp:attachment":[{"href":"https:\/\/ronda14.com\/fr\/wp-json\/wp\/v2\/media?parent=1956"}],"curies":[{"name":"wp","href":"https:\/\/api.w.org\/{rel}","templated":true}]}}