{"id":1969,"date":"2024-08-21T13:15:11","date_gmt":"2024-08-21T13:15:11","guid":{"rendered":"https:\/\/ronda14.com\/politique-en-matiere-de-cookies\/"},"modified":"2024-10-10T15:04:33","modified_gmt":"2024-10-10T15:04:33","slug":"politique-en-matiere-de-cookies","status":"publish","type":"page","link":"https:\/\/ronda14.com\/fr\/politique-en-matiere-de-cookies\/","title":{"rendered":"Politique en mati\u00e8re de cookies"},"content":{"rendered":"\t\t<div data-elementor-type=\"wp-page\" data-elementor-id=\"1969\" class=\"elementor elementor-1969 elementor-525\" data-elementor-post-type=\"page\">\n\t\t\t\t<div class=\"elementor-element elementor-element-4e7e8902 e-flex e-con-boxed e-con e-parent\" data-id=\"4e7e8902\" data-element_type=\"container\" data-e-type=\"container\" data-settings=\"{&quot;background_background&quot;:&quot;classic&quot;}\">\n\t\t\t\t\t<div class=\"e-con-inner\">\n\t\t\t\t<div class=\"elementor-element elementor-element-3e9175c8 elementor-widget__width-inherit elementor-invisible elementor-widget elementor-widget-heading\" data-id=\"3e9175c8\" data-element_type=\"widget\" data-e-type=\"widget\" data-settings=\"{&quot;_animation&quot;:&quot;fadeIn&quot;}\" data-widget_type=\"heading.default\">\n\t\t\t\t<div class=\"elementor-widget-container\">\n\t\t\t\t\t<h1 class=\"elementor-heading-title elementor-size-default\">Politique en mati\u00e8re de cookies<\/h1>\t\t\t\t<\/div>\n\t\t\t\t<\/div>\n\t\t\t\t<div class=\"elementor-element elementor-element-69b7207b elementor-icon-list--layout-inline elementor-align-center elementor-list-item-link-full_width elementor-invisible elementor-widget elementor-widget-icon-list\" data-id=\"69b7207b\" data-element_type=\"widget\" data-e-type=\"widget\" data-settings=\"{&quot;_animation&quot;:&quot;fadeIn&quot;,&quot;_animation_delay&quot;:200}\" data-widget_type=\"icon-list.default\">\n\t\t\t\t<div class=\"elementor-widget-container\">\n\t\t\t\t\t\t\t<ul class=\"elementor-icon-list-items elementor-inline-items\">\n\t\t\t\t\t\t\t<li class=\"elementor-icon-list-item elementor-inline-item\">\n\t\t\t\t\t\t\t\t\t\t\t<a href=\"\/\">\n\n\t\t\t\t\t\t\t\t\t\t\t<span class=\"elementor-icon-list-text\">Accueil<\/span>\n\t\t\t\t\t\t\t\t\t\t\t<\/a>\n\t\t\t\t\t\t\t\t\t<\/li>\n\t\t\t\t\t\t<\/ul>\n\t\t\t\t\t\t<\/div>\n\t\t\t\t<\/div>\n\t\t\t\t\t<\/div>\n\t\t\t\t<\/div>\n\t\t<div class=\"elementor-element elementor-element-39abfa9c e-flex e-con-boxed e-con e-parent\" data-id=\"39abfa9c\" data-element_type=\"container\" data-e-type=\"container\" data-settings=\"{&quot;background_background&quot;:&quot;classic&quot;}\">\n\t\t\t\t\t<div class=\"e-con-inner\">\n\t\t\t\t<div class=\"elementor-element elementor-element-6ddc20d0 elementor-widget__width-inherit elementor-invisible elementor-widget elementor-widget-text-editor\" data-id=\"6ddc20d0\" data-element_type=\"widget\" data-e-type=\"widget\" data-settings=\"{&quot;_animation&quot;:&quot;fadeIn&quot;,&quot;_animation_delay&quot;:400}\" data-widget_type=\"text-editor.default\">\n\t\t\t\t<div class=\"elementor-widget-container\">\n\t\t\t\t\t\t\t\t\t<h2>D\u00e9finition et fonction des cookies<\/h2>\n<p>Qu&rsquo;est-ce qu&rsquo;un cookie ?<br \/>\nUn cookie est un fichier qui est t\u00e9l\u00e9charg\u00e9 sur votre ordinateur lorsque vous acc\u00e9dez \u00e0 certains sites web.<br \/>\nLes cookies permettent \u00e0 un site web, entre autres, de stocker et de r\u00e9cup\u00e9rer des informations sur les habitudes de navigation d&rsquo;un utilisateur ou de son ordinateur et, en fonction des informations qu&rsquo;ils contiennent et de la mani\u00e8re dont vous utilisez votre ordinateur, ils peuvent \u00eatre utilis\u00e9s pour reconna\u00eetre l&rsquo;utilisateur.  <\/p>\n<h2>Types de cookies<\/h2>\n<p>Ci-dessous, les cookies sont class\u00e9s selon une s\u00e9rie de cat\u00e9gories.<br \/>\nCependant, il est n\u00e9cessaire de garder \u00e0 l&rsquo;esprit qu&rsquo;un m\u00eame cookie peut \u00eatre inclus dans plus d&rsquo;une cat\u00e9gorie. <\/p>\n<ol>\n<li><strong>Types de cookies en fonction de l&rsquo;entit\u00e9 qui les g\u00e8re<\/strong>\n<dl>\n<dt>Cookies propres<\/dt>\n<dd>Ce sont ceux qui sont envoy\u00e9s \u00e0 l&rsquo;ordinateur de l&rsquo;utilisateur \u00e0 partir d&rsquo;un ordinateur ou d&rsquo;un domaine g\u00e9r\u00e9 par le propri\u00e9taire du site web et \u00e0 partir duquel le service demand\u00e9 par l&rsquo;utilisateur est fourni.<\/dd>\n<dt>Cookies de tiers<\/dt>\n<dd>Les cookies sont ceux qui sont envoy\u00e9s \u00e0 l&rsquo;ordinateur de l&rsquo;utilisateur \u00e0 partir d&rsquo;un ordinateur ou d&rsquo;un domaine qui n&rsquo;est pas g\u00e9r\u00e9 par le propri\u00e9taire du site web lui-m\u00eame, mais par une autre entit\u00e9 qui traite les donn\u00e9es obtenues par le biais des cookies.<br \/>\nSi les cookies sont install\u00e9s \u00e0 partir d&rsquo;un ordinateur ou d&rsquo;un domaine g\u00e9r\u00e9 par le propri\u00e9taire du site, mais que les informations collect\u00e9es par leur interm\u00e9diaire sont g\u00e9r\u00e9es par un tiers, ils ne peuvent pas \u00eatre consid\u00e9r\u00e9s comme des cookies propres. <\/dd>\n<\/dl>\n<\/li>\n<li><strong>Types de cookies en fonction de leur dur\u00e9e d&rsquo;activit\u00e9<\/strong>\n<dl>\n<dt>Cookies de session<\/dt>\n<dd>Il s&rsquo;agit d&rsquo;un type de cookie con\u00e7u pour collecter et stocker des donn\u00e9es lorsque l&rsquo;utilisateur acc\u00e8de \u00e0 un site web.<br \/>\nIls sont g\u00e9n\u00e9ralement utilis\u00e9s pour stocker des informations qui ne doivent \u00eatre conserv\u00e9es que pour la fourniture du service demand\u00e9 par l&rsquo;utilisateur \u00e0 une seule occasion. <\/dd>\n<dt>Cookies persistants<\/dt>\n<dd>Il s&rsquo;agit d&rsquo;un type de cookie dans lequel les donn\u00e9es restent stock\u00e9es dans le terminal et peuvent \u00eatre consult\u00e9es et trait\u00e9es pendant une p\u00e9riode d\u00e9finie par le responsable du cookie, qui peut aller de quelques minutes \u00e0 plusieurs ann\u00e9es.<\/dd>\n<\/dl>\n<\/li>\n<li><strong>Types de cookies en fonction de leur finalit\u00e9<\/strong>\n<dl>\n<dt>Cookies techniques<\/dt>\n<dd>Ces cookies permettent \u00e0 l&rsquo;utilisateur de naviguer sur un site web, une plateforme ou une application et d&rsquo;utiliser les diff\u00e9rentes options ou services qui y sont propos\u00e9s.<\/dd>\n<dt>Cookies de personnalisation<\/dt>\n<dd>Ces cookies permettent \u00e0 l&rsquo;utilisateur d&rsquo;acc\u00e9der au service avec certaines caract\u00e9ristiques g\u00e9n\u00e9rales pr\u00e9d\u00e9finies en fonction d&rsquo;une s\u00e9rie de crit\u00e8res dans le terminal de l&rsquo;utilisateur.<\/dd>\n<dt>Cookies d&rsquo;analyse<\/dt>\n<dd>Ces cookies permettent au responsable de suivre et d&rsquo;analyser le comportement des utilisateurs des sites web auxquels ils sont li\u00e9s.<br \/>\nLes informations collect\u00e9es par ce type de cookies sont utilis\u00e9es pour mesurer l&rsquo;activit\u00e9 des sites web, applications ou plateformes et pour l&rsquo;\u00e9laboration de profils de navigation des utilisateurs de ces sites, applications et plateformes, afin d&rsquo;introduire des am\u00e9liorations bas\u00e9es sur l&rsquo;analyse des donn\u00e9es relatives \u00e0 l&rsquo;utilisation faite par les utilisateurs du service. <\/dd>\n<dt>Cookies publicitaires<\/dt>\n<dd>Ces cookies permettent de g\u00e9rer, de la mani\u00e8re la plus efficace possible, les espaces publicitaires que, le cas \u00e9ch\u00e9ant, l&rsquo;\u00e9diteur a inclus sur un site web, une application ou une plateforme \u00e0 partir de laquelle le service demand\u00e9 est fourni, sur la base de crit\u00e8res tels que le contenu \u00e9dit\u00e9 ou la fr\u00e9quence \u00e0 laquelle les publicit\u00e9s sont affich\u00e9es.<\/dd>\n<dt>Cookies de publicit\u00e9 comportementale<\/dt>\n<dd>Ces cookies permettent de g\u00e9rer, de la mani\u00e8re la plus efficace possible, les espaces publicitaires que, le cas \u00e9ch\u00e9ant, l&rsquo;\u00e9diteur a inclus sur un site web, une application ou une plateforme \u00e0 partir de laquelle le service demand\u00e9 est fourni.<br \/>\nCes cookies stockent des informations sur le comportement des utilisateurs obtenues gr\u00e2ce \u00e0 l&rsquo;observation continue de leurs habitudes de navigation, ce qui permet de d\u00e9velopper un profil sp\u00e9cifique afin d&rsquo;afficher des publicit\u00e9s bas\u00e9es sur ce dernier. <\/dd>\n<\/dl>\n<\/li>\n<\/ol>\n<h2>Quels sont les cookies utilis\u00e9s par ce site web ?<\/h2>\n<div class=\"contenedor_tabla\">\n<table>\n<tbody>\n<tr>\n<th>Nom<\/th>\n<th>Entit\u00e9<\/th>\n<th>Dur\u00e9e de l&rsquo;accord<\/th>\n<th>Objectif<\/th>\n<th>Fonction<\/th>\n<th>Devoirs*.<\/th>\n<\/tr>\n<tr>\n<td>PHPSESSID<\/td>\n<td>S&rsquo;approprier<\/td>\n<td>Session<\/td>\n<td>Technique<\/td>\n<td>Stocke les informations n\u00e9cessaires pour maintenir la session du serveur ouverte &#8211; strictement n\u00e9cessaire<\/td>\n<td>Non<\/td>\n<\/tr>\n<tr>\n<td>configuration_du_cookie<\/td>\n<td>S&rsquo;approprier<\/td>\n<td>Persistant<\/td>\n<td>Technique<\/td>\n<td>Stocke les param\u00e8tres des cookies d\u00e9finis par l&rsquo;utilisateur &#8211; strictement n\u00e9cessaire<\/td>\n<td>Non<\/td>\n<\/tr>\n<tr>\n<td>pll_language<\/td>\n<td>Propre<\/td>\n<td>Persistant<\/td>\n<td>Technique-Personnalisation<\/td>\n<td>Stocke les param\u00e8tres linguistiques.<br \/>\nSa d\u00e9sinstallation peut entra\u00eener des \u00e9checs de navigation &#8211; strictement n\u00e9cessaire. <\/td>\n<td>Non<\/td>\n<\/tr>\n<tr>\n<td>_gat_gtag<\/td>\n<td>Tiers (Google Analytics)<\/td>\n<td>Session<\/td>\n<td>Analyse<\/td>\n<td>Permet de limiter le pourcentage de demandes<\/td>\n<td>Oui<\/td>\n<\/tr>\n<tr>\n<td>_gid<\/td>\n<td>Tiers (Google Analytics)<\/td>\n<td>Persistant<\/td>\n<td>Analyse<\/td>\n<td>Utilis\u00e9 pour distinguer les utilisateurs<\/td>\n<td>Oui<\/td>\n<\/tr>\n<tr>\n<td>_ga<\/td>\n<td>Tiers (Google Analytics)<\/td>\n<td>Persistant<\/td>\n<td>Analyse<\/td>\n<td>Utilis\u00e9 pour distinguer les utilisateurs<\/td>\n<td>Oui<\/td>\n<\/tr>\n<tr>\n<td>_ga_JPN7G1K8J7<\/td>\n<td>Tiers (Google Analytics)<\/td>\n<td>Persistant<\/td>\n<td>Analyse<\/td>\n<td>Utilis\u00e9 pour distinguer les utilisateurs<\/td>\n<td>Oui<\/td>\n<\/tr>\n<\/tbody>\n<\/table>\n<\/div>\n<p>* Devoir d&rsquo;information et de consentement<\/p>\n<h2>Qui utilise des cookies et \u00e0 quoi servent-ils ?<\/h2>\n<p>Les cookies techniques ont pour seul objectif de garantir le bon fonctionnement du site web.<br \/>\nSi ces cookies sont d\u00e9sactiv\u00e9s, vous ne pourrez pas recevoir le contenu correctement.<br \/>\nIls ne sont accessibles que par le propri\u00e9taire du site web.  <\/p>\n<p>Le cookie de personnalisation a \u00e9galement pour but de conserver vos param\u00e8tres linguistiques tout au long de votre navigation.<\/p>\n<p>Les cookies analytiques ont pour but de suivre et d&rsquo;analyser statistiquement le comportement des utilisateurs dans leur ensemble.<br \/>\nSi ces cookies sont d\u00e9sactiv\u00e9s, le site web continuera \u00e0 fonctionner. <\/p>\n<p>Ce site utilise Google Analytics, un service d&rsquo;analyse de site internet d\u00e9velopp\u00e9 par Google, qui permet de mesurer et d&rsquo;analyser la navigation sur les sites internet.<br \/>\nVous verrez des cookies de ce service dans votre navigateur. <\/p>\n<p>L&rsquo;analyse du web permet d&rsquo;obtenir des informations sur le nombre d&rsquo;utilisateurs qui acc\u00e8dent au site web, le nombre de pages consult\u00e9es, la fr\u00e9quence et la r\u00e9p\u00e9tition des visites, leur dur\u00e9e, le navigateur utilis\u00e9, l&rsquo;op\u00e9rateur qui fournit le service, la langue, le terminal utilis\u00e9 et la ville \u00e0 laquelle votre adresse IP est attribu\u00e9e.<br \/>\nCes informations permettent \u00e0 ce portail de fournir un service meilleur et plus appropri\u00e9. <\/p>\n<h2>Mise \u00e0 jour de la politique en mati\u00e8re de cookies<\/h2>\n<p>Nous pouvons mettre \u00e0 jour la politique en mati\u00e8re de cookies sur notre site web, c&rsquo;est pourquoi nous vous recommandons de consulter cette politique chaque fois que vous acc\u00e9dez \u00e0 notre site web afin d&rsquo;\u00eatre correctement inform\u00e9 sur la mani\u00e8re dont nous utilisons les cookies et sur les raisons pour lesquelles nous les utilisons.<\/p>\n<h2>Param\u00e8tres des cookies<\/h2>\n<h3>Par le biais du navigateur<\/h3>\n<p>Vous pouvez autoriser, bloquer ou supprimer les cookies install\u00e9s sur votre ordinateur en configurant les options du navigateur install\u00e9 sur votre ordinateur.<\/p>\n<ul>\n<li>Pour plus d&rsquo;informations sur Firefox, cliquez <a href=\"https:\/\/support.mozilla.org\/es\/kb\/habilitar-y-deshabilitar-cookies-sitios-web-rastrear-preferencias\" target=\"_blank\" rel=\"noopener\">ici<\/a><\/li>\n<li>Pour plus d&rsquo;informations sur Chrome, cliquez <a href=\"http:\/\/support.google.com\/chrome\/bin\/answer.py?hl=es&amp;answer=95647\" target=\"_blank\" rel=\"noopener\">ici<\/a><\/li>\n<li>Pour plus d&rsquo;informations sur Explorer, cliquez <a href=\"http:\/\/windows.microsoft.com\/es-es\/internet-explorer\/delete-manage-cookies#ie=ie-10\" target=\"_blank\" rel=\"noopener\">ici<\/a><\/li>\n<li>Pour plus d&rsquo;informations sur Safari, cliquez <a href=\"http:\/\/support.apple.com\/kb\/ph5042\" target=\"_blank\" rel=\"noopener\">ici<\/a><\/li>\n<li>Pour plus d&rsquo;informations sur Opera, cliquez <a href=\"http:\/\/help.opera.com\/Windows\/11.50\/es-ES\/cookies.html\" target=\"_blank\" rel=\"noopener\">ici<\/a><\/li>\n<\/ul>\n<h3>Par le biais du site web<\/h3>\n<p>Vous pouvez \u00e9galement configurer l&rsquo;installation des cookies \u00e0 l&rsquo;aide du formulaire suivant.<br \/>\nLe tableau ci-dessus vous indique quels sont les cookies n\u00e9cessaires au bon fonctionnement du site web. <\/p>\n<form id=\"frm_configurar_cookies\" action=\"https:\/\/ronda14.com\/politica-de-cookies\/\" method=\"post\">\n<div class=\"min_separador\">\n<div>Cookies techniques (obligatoire)<\/div>\n<div>Cookies de personnalisation (obligatoire)<\/div>\n<div><input id=\"id_analiticas\" checked name=\"cookies[analiticas]\" type=\"checkbox\" value=\"1\"><label for=\"id_analiticas\">Cookies analytiques<\/label><\/div>\n<\/div>\n<\/form>\n\t\t\t\t\t\t\t\t<\/div>\n\t\t\t\t<\/div>\n\t\t\t\t\t<\/div>\n\t\t\t\t<\/div>\n\t\t\t\t<\/div>\n\t\t","protected":false},"excerpt":{"rendered":"<p>Politique en mati\u00e8re de cookies Accueil D\u00e9finition et fonction des cookies Qu&rsquo;est-ce qu&rsquo;un cookie ? Un cookie est un fichier qui est t\u00e9l\u00e9charg\u00e9 sur votre ordinateur lorsque vous acc\u00e9dez \u00e0 certains sites web. Les cookies permettent \u00e0 un site web, entre autres, de stocker et de r\u00e9cup\u00e9rer des informations sur les habitudes de navigation d&rsquo;un [&hellip;]<\/p>\n","protected":false},"author":1,"featured_media":0,"parent":0,"menu_order":0,"comment_status":"closed","ping_status":"closed","template":"","meta":{"footnotes":""},"class_list":["post-1969","page","type-page","status-publish","hentry"],"yoast_head":"<!-- This site is optimized with the Yoast SEO plugin v27.3 - https:\/\/yoast.com\/product\/yoast-seo-wordpress\/ -->\n<title>Politique en mati\u00e8re de cookies | Ronda 14<\/title>\n<meta name=\"robots\" content=\"noindex, follow\" \/>\n<meta property=\"og:locale\" content=\"fr_FR\" \/>\n<meta property=\"og:type\" content=\"article\" \/>\n<meta property=\"og:title\" content=\"Politique en mati\u00e8re de cookies | Ronda 14\" \/>\n<meta property=\"og:description\" content=\"Politique en mati\u00e8re de cookies Accueil D\u00e9finition et fonction des cookies Qu&rsquo;est-ce qu&rsquo;un cookie ? Un cookie est un fichier qui est t\u00e9l\u00e9charg\u00e9 sur votre ordinateur lorsque vous acc\u00e9dez \u00e0 certains sites web. Les cookies permettent \u00e0 un site web, entre autres, de stocker et de r\u00e9cup\u00e9rer des informations sur les habitudes de navigation d&rsquo;un [&hellip;]\" \/>\n<meta property=\"og:url\" content=\"https:\/\/ronda14.com\/fr\/politique-en-matiere-de-cookies\/\" \/>\n<meta property=\"og:site_name\" content=\"Ronda 14\" \/>\n<meta property=\"article:modified_time\" content=\"2024-10-10T15:04:33+00:00\" \/>\n<meta property=\"og:image\" content=\"https:\/\/ronda14.com\/wp-content\/uploads\/2024\/08\/ronda14_restaurante_logo.png\" \/>\n\t<meta property=\"og:image:width\" content=\"200\" \/>\n\t<meta property=\"og:image:height\" content=\"94\" \/>\n\t<meta property=\"og:image:type\" content=\"image\/png\" \/>\n<meta name=\"twitter:card\" content=\"summary_large_image\" \/>\n<meta name=\"twitter:label1\" content=\"Dur\u00e9e de lecture estim\u00e9e\" \/>\n\t<meta name=\"twitter:data1\" content=\"6 minutes\" \/>\n<script type=\"application\/ld+json\" class=\"yoast-schema-graph\">{\"@context\":\"https:\\\/\\\/schema.org\",\"@graph\":[{\"@type\":\"Article\",\"@id\":\"https:\\\/\\\/ronda14.com\\\/fr\\\/politique-en-matiere-de-cookies\\\/#article\",\"isPartOf\":{\"@id\":\"https:\\\/\\\/ronda14.com\\\/fr\\\/politique-en-matiere-de-cookies\\\/\"},\"author\":{\"name\":\"ronda14\",\"@id\":\"https:\\\/\\\/ronda14.com\\\/fr\\\/#\\\/schema\\\/person\\\/6db7a9d59e22c129fece9e94d27ccd1c\"},\"headline\":\"Politique en mati\u00e8re de cookies\",\"datePublished\":\"2024-08-21T13:15:11+00:00\",\"dateModified\":\"2024-10-10T15:04:33+00:00\",\"mainEntityOfPage\":{\"@id\":\"https:\\\/\\\/ronda14.com\\\/fr\\\/politique-en-matiere-de-cookies\\\/\"},\"wordCount\":1289,\"publisher\":{\"@id\":\"https:\\\/\\\/ronda14.com\\\/fr\\\/#organization\"},\"inLanguage\":\"fr-FR\"},{\"@type\":\"WebPage\",\"@id\":\"https:\\\/\\\/ronda14.com\\\/fr\\\/politique-en-matiere-de-cookies\\\/\",\"url\":\"https:\\\/\\\/ronda14.com\\\/fr\\\/politique-en-matiere-de-cookies\\\/\",\"name\":\"Politique en mati\u00e8re de cookies | Ronda 14\",\"isPartOf\":{\"@id\":\"https:\\\/\\\/ronda14.com\\\/fr\\\/#website\"},\"datePublished\":\"2024-08-21T13:15:11+00:00\",\"dateModified\":\"2024-10-10T15:04:33+00:00\",\"breadcrumb\":{\"@id\":\"https:\\\/\\\/ronda14.com\\\/fr\\\/politique-en-matiere-de-cookies\\\/#breadcrumb\"},\"inLanguage\":\"fr-FR\",\"potentialAction\":[{\"@type\":\"ReadAction\",\"target\":[\"https:\\\/\\\/ronda14.com\\\/fr\\\/politique-en-matiere-de-cookies\\\/\"]}]},{\"@type\":\"BreadcrumbList\",\"@id\":\"https:\\\/\\\/ronda14.com\\\/fr\\\/politique-en-matiere-de-cookies\\\/#breadcrumb\",\"itemListElement\":[{\"@type\":\"ListItem\",\"position\":1,\"name\":\"Portada\",\"item\":\"https:\\\/\\\/ronda14.com\\\/fr\\\/\"},{\"@type\":\"ListItem\",\"position\":2,\"name\":\"Politique en mati\u00e8re de cookies\"}]},{\"@type\":\"WebSite\",\"@id\":\"https:\\\/\\\/ronda14.com\\\/fr\\\/#website\",\"url\":\"https:\\\/\\\/ronda14.com\\\/fr\\\/\",\"name\":\"Ronda 14\",\"description\":\"Restaurante Fusi\u00f3n peruano japonesa y comida Nikkei\",\"publisher\":{\"@id\":\"https:\\\/\\\/ronda14.com\\\/fr\\\/#organization\"},\"potentialAction\":[{\"@type\":\"SearchAction\",\"target\":{\"@type\":\"EntryPoint\",\"urlTemplate\":\"https:\\\/\\\/ronda14.com\\\/fr\\\/?s={search_term_string}\"},\"query-input\":{\"@type\":\"PropertyValueSpecification\",\"valueRequired\":true,\"valueName\":\"search_term_string\"}}],\"inLanguage\":\"fr-FR\"},{\"@type\":\"Organization\",\"@id\":\"https:\\\/\\\/ronda14.com\\\/fr\\\/#organization\",\"name\":\"Ronda 14\",\"url\":\"https:\\\/\\\/ronda14.com\\\/fr\\\/\",\"logo\":{\"@type\":\"ImageObject\",\"inLanguage\":\"fr-FR\",\"@id\":\"https:\\\/\\\/ronda14.com\\\/fr\\\/#\\\/schema\\\/logo\\\/image\\\/\",\"url\":\"https:\\\/\\\/ronda14.com\\\/wp-content\\\/uploads\\\/2024\\\/08\\\/ronda14_restaurante_logo.png\",\"contentUrl\":\"https:\\\/\\\/ronda14.com\\\/wp-content\\\/uploads\\\/2024\\\/08\\\/ronda14_restaurante_logo.png\",\"width\":200,\"height\":94,\"caption\":\"Ronda 14\"},\"image\":{\"@id\":\"https:\\\/\\\/ronda14.com\\\/fr\\\/#\\\/schema\\\/logo\\\/image\\\/\"}},{\"@type\":\"Person\",\"@id\":\"https:\\\/\\\/ronda14.com\\\/fr\\\/#\\\/schema\\\/person\\\/6db7a9d59e22c129fece9e94d27ccd1c\",\"name\":\"ronda14\",\"image\":{\"@type\":\"ImageObject\",\"inLanguage\":\"fr-FR\",\"@id\":\"https:\\\/\\\/secure.gravatar.com\\\/avatar\\\/138e56bd5c0eb9dc2ca150e90a72cecdaf7cd3c50f62a923fabe62515a19bf3b?s=96&d=mm&r=g\",\"url\":\"https:\\\/\\\/secure.gravatar.com\\\/avatar\\\/138e56bd5c0eb9dc2ca150e90a72cecdaf7cd3c50f62a923fabe62515a19bf3b?s=96&d=mm&r=g\",\"contentUrl\":\"https:\\\/\\\/secure.gravatar.com\\\/avatar\\\/138e56bd5c0eb9dc2ca150e90a72cecdaf7cd3c50f62a923fabe62515a19bf3b?s=96&d=mm&r=g\",\"caption\":\"ronda14\"},\"sameAs\":[\"https:\\\/\\\/ronda14.com\"],\"url\":\"https:\\\/\\\/ronda14.com\\\/fr\\\/author\\\/ronda14\\\/\"}]}<\/script>\n<!-- \/ Yoast SEO plugin. -->","yoast_head_json":{"title":"Politique en mati\u00e8re de cookies | Ronda 14","robots":{"index":"noindex","follow":"follow"},"og_locale":"fr_FR","og_type":"article","og_title":"Politique en mati\u00e8re de cookies | Ronda 14","og_description":"Politique en mati\u00e8re de cookies Accueil D\u00e9finition et fonction des cookies Qu&rsquo;est-ce qu&rsquo;un cookie ? Un cookie est un fichier qui est t\u00e9l\u00e9charg\u00e9 sur votre ordinateur lorsque vous acc\u00e9dez \u00e0 certains sites web. Les cookies permettent \u00e0 un site web, entre autres, de stocker et de r\u00e9cup\u00e9rer des informations sur les habitudes de navigation d&rsquo;un [&hellip;]","og_url":"https:\/\/ronda14.com\/fr\/politique-en-matiere-de-cookies\/","og_site_name":"Ronda 14","article_modified_time":"2024-10-10T15:04:33+00:00","og_image":[{"width":200,"height":94,"url":"https:\/\/ronda14.com\/wp-content\/uploads\/2024\/08\/ronda14_restaurante_logo.png","type":"image\/png"}],"twitter_card":"summary_large_image","twitter_misc":{"Dur\u00e9e de lecture estim\u00e9e":"6 minutes"},"schema":{"@context":"https:\/\/schema.org","@graph":[{"@type":"Article","@id":"https:\/\/ronda14.com\/fr\/politique-en-matiere-de-cookies\/#article","isPartOf":{"@id":"https:\/\/ronda14.com\/fr\/politique-en-matiere-de-cookies\/"},"author":{"name":"ronda14","@id":"https:\/\/ronda14.com\/fr\/#\/schema\/person\/6db7a9d59e22c129fece9e94d27ccd1c"},"headline":"Politique en mati\u00e8re de cookies","datePublished":"2024-08-21T13:15:11+00:00","dateModified":"2024-10-10T15:04:33+00:00","mainEntityOfPage":{"@id":"https:\/\/ronda14.com\/fr\/politique-en-matiere-de-cookies\/"},"wordCount":1289,"publisher":{"@id":"https:\/\/ronda14.com\/fr\/#organization"},"inLanguage":"fr-FR"},{"@type":"WebPage","@id":"https:\/\/ronda14.com\/fr\/politique-en-matiere-de-cookies\/","url":"https:\/\/ronda14.com\/fr\/politique-en-matiere-de-cookies\/","name":"Politique en mati\u00e8re de cookies | Ronda 14","isPartOf":{"@id":"https:\/\/ronda14.com\/fr\/#website"},"datePublished":"2024-08-21T13:15:11+00:00","dateModified":"2024-10-10T15:04:33+00:00","breadcrumb":{"@id":"https:\/\/ronda14.com\/fr\/politique-en-matiere-de-cookies\/#breadcrumb"},"inLanguage":"fr-FR","potentialAction":[{"@type":"ReadAction","target":["https:\/\/ronda14.com\/fr\/politique-en-matiere-de-cookies\/"]}]},{"@type":"BreadcrumbList","@id":"https:\/\/ronda14.com\/fr\/politique-en-matiere-de-cookies\/#breadcrumb","itemListElement":[{"@type":"ListItem","position":1,"name":"Portada","item":"https:\/\/ronda14.com\/fr\/"},{"@type":"ListItem","position":2,"name":"Politique en mati\u00e8re de cookies"}]},{"@type":"WebSite","@id":"https:\/\/ronda14.com\/fr\/#website","url":"https:\/\/ronda14.com\/fr\/","name":"Ronda 14","description":"Restaurante Fusi\u00f3n peruano japonesa y comida Nikkei","publisher":{"@id":"https:\/\/ronda14.com\/fr\/#organization"},"potentialAction":[{"@type":"SearchAction","target":{"@type":"EntryPoint","urlTemplate":"https:\/\/ronda14.com\/fr\/?s={search_term_string}"},"query-input":{"@type":"PropertyValueSpecification","valueRequired":true,"valueName":"search_term_string"}}],"inLanguage":"fr-FR"},{"@type":"Organization","@id":"https:\/\/ronda14.com\/fr\/#organization","name":"Ronda 14","url":"https:\/\/ronda14.com\/fr\/","logo":{"@type":"ImageObject","inLanguage":"fr-FR","@id":"https:\/\/ronda14.com\/fr\/#\/schema\/logo\/image\/","url":"https:\/\/ronda14.com\/wp-content\/uploads\/2024\/08\/ronda14_restaurante_logo.png","contentUrl":"https:\/\/ronda14.com\/wp-content\/uploads\/2024\/08\/ronda14_restaurante_logo.png","width":200,"height":94,"caption":"Ronda 14"},"image":{"@id":"https:\/\/ronda14.com\/fr\/#\/schema\/logo\/image\/"}},{"@type":"Person","@id":"https:\/\/ronda14.com\/fr\/#\/schema\/person\/6db7a9d59e22c129fece9e94d27ccd1c","name":"ronda14","image":{"@type":"ImageObject","inLanguage":"fr-FR","@id":"https:\/\/secure.gravatar.com\/avatar\/138e56bd5c0eb9dc2ca150e90a72cecdaf7cd3c50f62a923fabe62515a19bf3b?s=96&d=mm&r=g","url":"https:\/\/secure.gravatar.com\/avatar\/138e56bd5c0eb9dc2ca150e90a72cecdaf7cd3c50f62a923fabe62515a19bf3b?s=96&d=mm&r=g","contentUrl":"https:\/\/secure.gravatar.com\/avatar\/138e56bd5c0eb9dc2ca150e90a72cecdaf7cd3c50f62a923fabe62515a19bf3b?s=96&d=mm&r=g","caption":"ronda14"},"sameAs":["https:\/\/ronda14.com"],"url":"https:\/\/ronda14.com\/fr\/author\/ronda14\/"}]}},"_links":{"self":[{"href":"https:\/\/ronda14.com\/fr\/wp-json\/wp\/v2\/pages\/1969","targetHints":{"allow":["GET"]}}],"collection":[{"href":"https:\/\/ronda14.com\/fr\/wp-json\/wp\/v2\/pages"}],"about":[{"href":"https:\/\/ronda14.com\/fr\/wp-json\/wp\/v2\/types\/page"}],"author":[{"embeddable":true,"href":"https:\/\/ronda14.com\/fr\/wp-json\/wp\/v2\/users\/1"}],"replies":[{"embeddable":true,"href":"https:\/\/ronda14.com\/fr\/wp-json\/wp\/v2\/comments?post=1969"}],"version-history":[{"count":7,"href":"https:\/\/ronda14.com\/fr\/wp-json\/wp\/v2\/pages\/1969\/revisions"}],"predecessor-version":[{"id":2894,"href":"https:\/\/ronda14.com\/fr\/wp-json\/wp\/v2\/pages\/1969\/revisions\/2894"}],"wp:attachment":[{"href":"https:\/\/ronda14.com\/fr\/wp-json\/wp\/v2\/media?parent=1969"}],"curies":[{"name":"wp","href":"https:\/\/api.w.org\/{rel}","templated":true}]}}