{"id":1993,"date":"2025-12-15T10:49:32","date_gmt":"2025-12-15T10:49:32","guid":{"rendered":"https:\/\/ronda14.com\/qui-sommes-nous\/"},"modified":"2024-10-10T14:59:25","modified_gmt":"2024-10-10T14:59:25","slug":"qui-sommes-nous","status":"publish","type":"page","link":"https:\/\/ronda14.com\/fr\/qui-sommes-nous\/","title":{"rendered":"Qui sommes-nous ?"},"content":{"rendered":"\t\t<div data-elementor-type=\"wp-page\" data-elementor-id=\"1993\" class=\"elementor elementor-1993 elementor-380\" data-elementor-post-type=\"page\">\n\t\t\t\t<div class=\"elementor-element elementor-element-4e7e8902 e-flex e-con-boxed e-con e-parent\" data-id=\"4e7e8902\" data-element_type=\"container\" data-e-type=\"container\" data-settings=\"{&quot;background_background&quot;:&quot;classic&quot;}\">\n\t\t\t\t\t<div class=\"e-con-inner\">\n\t\t\t\t<div class=\"elementor-element elementor-element-3e9175c8 elementor-widget__width-inherit elementor-invisible elementor-widget elementor-widget-heading\" data-id=\"3e9175c8\" data-element_type=\"widget\" data-e-type=\"widget\" data-settings=\"{&quot;_animation&quot;:&quot;fadeIn&quot;}\" data-widget_type=\"heading.default\">\n\t\t\t\t<div class=\"elementor-widget-container\">\n\t\t\t\t\t<h1 class=\"elementor-heading-title elementor-size-default\">Qui sommes-nous ?<\/h1>\t\t\t\t<\/div>\n\t\t\t\t<\/div>\n\t\t\t\t<div class=\"elementor-element elementor-element-69b7207b elementor-icon-list--layout-inline elementor-align-center elementor-list-item-link-full_width elementor-invisible elementor-widget elementor-widget-icon-list\" data-id=\"69b7207b\" data-element_type=\"widget\" data-e-type=\"widget\" data-settings=\"{&quot;_animation&quot;:&quot;fadeIn&quot;,&quot;_animation_delay&quot;:200}\" data-widget_type=\"icon-list.default\">\n\t\t\t\t<div class=\"elementor-widget-container\">\n\t\t\t\t\t\t\t<ul class=\"elementor-icon-list-items elementor-inline-items\">\n\t\t\t\t\t\t\t<li class=\"elementor-icon-list-item elementor-inline-item\">\n\t\t\t\t\t\t\t\t\t\t\t<a href=\"\/\">\n\n\t\t\t\t\t\t\t\t\t\t\t<span class=\"elementor-icon-list-text\">Accueil<\/span>\n\t\t\t\t\t\t\t\t\t\t\t<\/a>\n\t\t\t\t\t\t\t\t\t<\/li>\n\t\t\t\t\t\t<\/ul>\n\t\t\t\t\t\t<\/div>\n\t\t\t\t<\/div>\n\t\t\t\t\t<\/div>\n\t\t\t\t<\/div>\n\t\t<div class=\"elementor-element elementor-element-39abfa9c e-flex e-con-boxed e-con e-parent\" data-id=\"39abfa9c\" data-element_type=\"container\" data-e-type=\"container\" data-settings=\"{&quot;background_background&quot;:&quot;classic&quot;}\">\n\t\t\t\t\t<div class=\"e-con-inner\">\n\t\t\t\t<div class=\"elementor-element elementor-element-54dc2448 elementor-widget__width-inherit elementor-invisible elementor-widget elementor-widget-text-editor\" data-id=\"54dc2448\" data-element_type=\"widget\" data-e-type=\"widget\" data-settings=\"{&quot;_animation&quot;:&quot;fadeIn&quot;}\" data-widget_type=\"text-editor.default\">\n\t\t\t\t<div class=\"elementor-widget-container\">\n\t\t\t\t\t\t\t\t\t<p>Ronda 14<\/p>\n\t\t\t\t\t\t\t\t<\/div>\n\t\t\t\t<\/div>\n\t\t\t\t<div class=\"elementor-element elementor-element-508c6130 elementor-widget__width-inherit elementor-invisible elementor-widget elementor-widget-heading\" data-id=\"508c6130\" data-element_type=\"widget\" data-e-type=\"widget\" data-settings=\"{&quot;_animation&quot;:&quot;fadeIn&quot;,&quot;_animation_delay&quot;:200}\" data-widget_type=\"heading.default\">\n\t\t\t\t<div class=\"elementor-widget-container\">\n\t\t\t\t\t<h2 class=\"elementor-heading-title elementor-size-default\">Mario C\u00e9spedes et Conchi \u00c1lvarez<\/h2>\t\t\t\t<\/div>\n\t\t\t\t<\/div>\n\t\t\t\t<div class=\"elementor-element elementor-element-6ddc20d0 elementor-widget__width-inherit elementor-invisible elementor-widget elementor-widget-text-editor\" data-id=\"6ddc20d0\" data-element_type=\"widget\" data-e-type=\"widget\" data-settings=\"{&quot;_animation&quot;:&quot;fadeIn&quot;,&quot;_animation_delay&quot;:400}\" data-widget_type=\"text-editor.default\">\n\t\t\t\t<div class=\"elementor-widget-container\">\n\t\t\t\t\t\t\t\t\t<p>Mario C\u00e9spedes (Lima, 1985) d\u00e9veloppe un projet culinaire tr\u00e8s personnel dans ses restaurants Ronda 14.<br \/>\nIl y a cr\u00e9\u00e9 un concept de <strong>cuisine<\/strong> fusion <strong>p\u00e9ruvienne<\/strong> bas\u00e9e sur des produits d&rsquo;origine asturienne avec lesquels il cherche \u00e0 faire plaisir aux convives.<br \/>\nSa cuisine repose sur trois principes inali\u00e9nables : le meilleur produit, les ingr\u00e9dients et les techniques de la meilleure cuisine et la fusion comme point de rencontre de la libert\u00e9 cr\u00e9ative de ce <strong>chef p\u00e9ruvien<\/strong>.  <\/p>\n<p>Mario est tomb\u00e9 amoureux de la cuisine d\u00e8s sa plus tendre enfance.<br \/>\nIl a grandi en jouant avec ses cousins sur le march\u00e9 central aux fruits de Lima.<br \/>\nSa m\u00e8re, qui pr\u00e9parait de d\u00e9licieux d\u00e9jeuners dominicaux pour la famille, et ses visites aux \u00e9tals de nourriture de la capitale andine l&rsquo;ont initi\u00e9 \u00e0 la vaste gamme de recettes de son pays.<br \/>\nApr\u00e8s avoir obtenu son dipl\u00f4me d&rsquo;\u00e9tudes secondaires, il a commenc\u00e9 \u00e0 \u00e9tudier la gestion et l&rsquo;administration des entreprises, mais il a rapidement abandonn\u00e9 cette carri\u00e8re pour se consacrer \u00e0 sa v\u00e9ritable passion : la gastronomie.<br \/>\nApr\u00e8s son passage \u00e0 l&rsquo;\u00e9cole de cuisine, il a commenc\u00e9 sa carri\u00e8re professionnelle au restaurant 5 \u00e9toiles Costa Verde \u00e0 Lima.<br \/>\nSon exp\u00e9rience culinaire p\u00e9ruvienne s&rsquo;est d\u00e9velopp\u00e9e au fur et \u00e0 mesure qu&rsquo;il travaillait dans diff\u00e9rentes cevicher\u00edas (semblables aux restaurants espagnols de fruits de mer), dans des restaurants cr\u00e9oles et des restaurants <strong>p\u00e9ruviens<\/strong> traditionnels.     <\/p>\n<p>D\u00e9termin\u00e9 \u00e0 poursuivre son apprentissage au plus haut niveau, il d\u00e9cide de faire le saut en Europe.<br \/>\nIl a fait sa valise et est venu travailler en Espagne pendant cinq ans.<br \/>\n\u00ab\u00a0J&rsquo;ai profit\u00e9 au maximum de mon temps. Toute ma vie a tourn\u00e9 autour de la cuisine\u00a0\u00bb, explique-t-il.<br \/>\nIl passe par les meilleurs restaurants du pays.<br \/>\nFinalement, il atterrit dans les Asturies.<br \/>\nTout a chang\u00e9.<br \/>\nNon seulement il continue \u00e0 apprendre, mais il tombe \u00e9galement amoureux du garde-manger de la r\u00e9gion et de Conchi \u00c1lvarez.<br \/>\nEnsemble, ils d\u00e9cident d&rsquo;ouvrir leur propre restaurant : Ronda 14.<br \/>\nMario est rest\u00e9 en Espagne pour \u00e9crire l&rsquo;histoire avec sa compagne et d\u00e9passer les limites d&rsquo;un <strong>restaurant p\u00e9ruvien<\/strong> typique.        <\/p>\n<p>C&rsquo;\u00e9tait en 2011, avec l&rsquo;id\u00e9e de rompre avec les habitudes de la haute cuisine.<br \/>\nSon objectif \u00e9tait d&rsquo;\u00e9liminer les formalismes et d&rsquo;offrir un espace permettant aux convives de profiter d&rsquo;une atmosph\u00e8re calme et d\u00e9tendue, d&rsquo;un service de qualit\u00e9 et d&rsquo;une cuisine bas\u00e9e sur les produits et les ingr\u00e9dients.<br \/>\nTr\u00e8s vite, son <strong>restaurant des Asturies<\/strong> s&rsquo;est positionn\u00e9 comme une r\u00e9f\u00e9rence culinaire en mati\u00e8re de <strong>cuisine Nikkei<\/strong> et de <strong>cuisine<\/strong> fusion.<br \/>\nAujourd&rsquo;hui, Ronda 14 est un label qui compte plusieurs <strong>restaurants \u00e0 Madrid<\/strong> et le premier \u00e0 Avil\u00e9s.<br \/>\nIls offrent une gastronomie unique, avec une salle soign\u00e9e qui permet au client de s&rsquo;amuser et de profiter d&rsquo;une proposition que l&rsquo;on ne trouve nulle part ailleurs.<br \/>\nEt ce n&rsquo;est que le d\u00e9but de l&rsquo;aventure.     <\/p>\n\t\t\t\t\t\t\t\t<\/div>\n\t\t\t\t<\/div>\n\t\t\t\t\t<\/div>\n\t\t\t\t<\/div>\n\t\t\t\t<\/div>\n\t\t","protected":false},"excerpt":{"rendered":"<p>Qui sommes-nous ? Accueil Ronda 14 Mario C\u00e9spedes et Conchi \u00c1lvarez Mario C\u00e9spedes (Lima, 1985) d\u00e9veloppe un projet culinaire tr\u00e8s personnel dans ses restaurants Ronda 14. Il y a cr\u00e9\u00e9 un concept de cuisine fusion p\u00e9ruvienne bas\u00e9e sur des produits d&rsquo;origine asturienne avec lesquels il cherche \u00e0 faire plaisir aux convives. Sa cuisine repose sur [&hellip;]<\/p>\n","protected":false},"author":1,"featured_media":0,"parent":0,"menu_order":0,"comment_status":"closed","ping_status":"closed","template":"","meta":{"footnotes":""},"class_list":["post-1993","page","type-page","status-publish","hentry"],"yoast_head":"<!-- This site is optimized with the Yoast SEO plugin v27.3 - https:\/\/yoast.com\/product\/yoast-seo-wordpress\/ -->\n<title>Qui sommes-nous ? | Ronda 14<\/title>\n<meta name=\"robots\" content=\"index, follow, max-snippet:-1, max-image-preview:large, max-video-preview:-1\" \/>\n<link rel=\"canonical\" href=\"https:\/\/ronda14.com\/fr\/qui-sommes-nous\/\" \/>\n<meta property=\"og:locale\" content=\"fr_FR\" \/>\n<meta property=\"og:type\" content=\"article\" \/>\n<meta property=\"og:title\" content=\"Qui sommes-nous ? | Ronda 14\" \/>\n<meta property=\"og:description\" content=\"Qui sommes-nous ? Accueil Ronda 14 Mario C\u00e9spedes et Conchi \u00c1lvarez Mario C\u00e9spedes (Lima, 1985) d\u00e9veloppe un projet culinaire tr\u00e8s personnel dans ses restaurants Ronda 14. Il y a cr\u00e9\u00e9 un concept de cuisine fusion p\u00e9ruvienne bas\u00e9e sur des produits d&rsquo;origine asturienne avec lesquels il cherche \u00e0 faire plaisir aux convives. Sa cuisine repose sur [&hellip;]\" \/>\n<meta property=\"og:url\" content=\"https:\/\/ronda14.com\/fr\/qui-sommes-nous\/\" \/>\n<meta property=\"og:site_name\" content=\"Ronda 14\" \/>\n<meta property=\"og:image\" content=\"https:\/\/ronda14.com\/wp-content\/uploads\/2024\/08\/ronda14_restaurante_logo.png\" \/>\n\t<meta property=\"og:image:width\" content=\"200\" \/>\n\t<meta property=\"og:image:height\" content=\"94\" \/>\n\t<meta property=\"og:image:type\" content=\"image\/png\" \/>\n<meta name=\"twitter:card\" content=\"summary_large_image\" \/>\n<meta name=\"twitter:label1\" content=\"Dur\u00e9e de lecture estim\u00e9e\" \/>\n\t<meta name=\"twitter:data1\" content=\"3 minutes\" \/>\n<script type=\"application\/ld+json\" class=\"yoast-schema-graph\">{\"@context\":\"https:\\\/\\\/schema.org\",\"@graph\":[{\"@type\":\"Article\",\"@id\":\"https:\\\/\\\/ronda14.com\\\/fr\\\/qui-sommes-nous\\\/#article\",\"isPartOf\":{\"@id\":\"https:\\\/\\\/ronda14.com\\\/fr\\\/qui-sommes-nous\\\/\"},\"author\":{\"name\":\"ronda14\",\"@id\":\"https:\\\/\\\/ronda14.com\\\/fr\\\/#\\\/schema\\\/person\\\/6db7a9d59e22c129fece9e94d27ccd1c\"},\"headline\":\"Qui sommes-nous ?\",\"datePublished\":\"2025-12-15T10:49:32+00:00\",\"mainEntityOfPage\":{\"@id\":\"https:\\\/\\\/ronda14.com\\\/fr\\\/qui-sommes-nous\\\/\"},\"wordCount\":523,\"publisher\":{\"@id\":\"https:\\\/\\\/ronda14.com\\\/fr\\\/#organization\"},\"inLanguage\":\"fr-FR\"},{\"@type\":\"WebPage\",\"@id\":\"https:\\\/\\\/ronda14.com\\\/fr\\\/qui-sommes-nous\\\/\",\"url\":\"https:\\\/\\\/ronda14.com\\\/fr\\\/qui-sommes-nous\\\/\",\"name\":\"Qui sommes-nous ? | Ronda 14\",\"isPartOf\":{\"@id\":\"https:\\\/\\\/ronda14.com\\\/fr\\\/#website\"},\"datePublished\":\"2025-12-15T10:49:32+00:00\",\"breadcrumb\":{\"@id\":\"https:\\\/\\\/ronda14.com\\\/fr\\\/qui-sommes-nous\\\/#breadcrumb\"},\"inLanguage\":\"fr-FR\",\"potentialAction\":[{\"@type\":\"ReadAction\",\"target\":[\"https:\\\/\\\/ronda14.com\\\/fr\\\/qui-sommes-nous\\\/\"]}]},{\"@type\":\"BreadcrumbList\",\"@id\":\"https:\\\/\\\/ronda14.com\\\/fr\\\/qui-sommes-nous\\\/#breadcrumb\",\"itemListElement\":[{\"@type\":\"ListItem\",\"position\":1,\"name\":\"Portada\",\"item\":\"https:\\\/\\\/ronda14.com\\\/fr\\\/\"},{\"@type\":\"ListItem\",\"position\":2,\"name\":\"Qui sommes-nous ?\"}]},{\"@type\":\"WebSite\",\"@id\":\"https:\\\/\\\/ronda14.com\\\/fr\\\/#website\",\"url\":\"https:\\\/\\\/ronda14.com\\\/fr\\\/\",\"name\":\"Ronda 14\",\"description\":\"Restaurante Fusi\u00f3n peruano japonesa y comida Nikkei\",\"publisher\":{\"@id\":\"https:\\\/\\\/ronda14.com\\\/fr\\\/#organization\"},\"potentialAction\":[{\"@type\":\"SearchAction\",\"target\":{\"@type\":\"EntryPoint\",\"urlTemplate\":\"https:\\\/\\\/ronda14.com\\\/fr\\\/?s={search_term_string}\"},\"query-input\":{\"@type\":\"PropertyValueSpecification\",\"valueRequired\":true,\"valueName\":\"search_term_string\"}}],\"inLanguage\":\"fr-FR\"},{\"@type\":\"Organization\",\"@id\":\"https:\\\/\\\/ronda14.com\\\/fr\\\/#organization\",\"name\":\"Ronda 14\",\"url\":\"https:\\\/\\\/ronda14.com\\\/fr\\\/\",\"logo\":{\"@type\":\"ImageObject\",\"inLanguage\":\"fr-FR\",\"@id\":\"https:\\\/\\\/ronda14.com\\\/fr\\\/#\\\/schema\\\/logo\\\/image\\\/\",\"url\":\"https:\\\/\\\/ronda14.com\\\/wp-content\\\/uploads\\\/2024\\\/08\\\/ronda14_restaurante_logo.png\",\"contentUrl\":\"https:\\\/\\\/ronda14.com\\\/wp-content\\\/uploads\\\/2024\\\/08\\\/ronda14_restaurante_logo.png\",\"width\":200,\"height\":94,\"caption\":\"Ronda 14\"},\"image\":{\"@id\":\"https:\\\/\\\/ronda14.com\\\/fr\\\/#\\\/schema\\\/logo\\\/image\\\/\"}},{\"@type\":\"Person\",\"@id\":\"https:\\\/\\\/ronda14.com\\\/fr\\\/#\\\/schema\\\/person\\\/6db7a9d59e22c129fece9e94d27ccd1c\",\"name\":\"ronda14\",\"image\":{\"@type\":\"ImageObject\",\"inLanguage\":\"fr-FR\",\"@id\":\"https:\\\/\\\/secure.gravatar.com\\\/avatar\\\/138e56bd5c0eb9dc2ca150e90a72cecdaf7cd3c50f62a923fabe62515a19bf3b?s=96&d=mm&r=g\",\"url\":\"https:\\\/\\\/secure.gravatar.com\\\/avatar\\\/138e56bd5c0eb9dc2ca150e90a72cecdaf7cd3c50f62a923fabe62515a19bf3b?s=96&d=mm&r=g\",\"contentUrl\":\"https:\\\/\\\/secure.gravatar.com\\\/avatar\\\/138e56bd5c0eb9dc2ca150e90a72cecdaf7cd3c50f62a923fabe62515a19bf3b?s=96&d=mm&r=g\",\"caption\":\"ronda14\"},\"sameAs\":[\"https:\\\/\\\/ronda14.com\"],\"url\":\"https:\\\/\\\/ronda14.com\\\/fr\\\/author\\\/ronda14\\\/\"}]}<\/script>\n<!-- \/ Yoast SEO plugin. -->","yoast_head_json":{"title":"Qui sommes-nous ? | Ronda 14","robots":{"index":"index","follow":"follow","max-snippet":"max-snippet:-1","max-image-preview":"max-image-preview:large","max-video-preview":"max-video-preview:-1"},"canonical":"https:\/\/ronda14.com\/fr\/qui-sommes-nous\/","og_locale":"fr_FR","og_type":"article","og_title":"Qui sommes-nous ? | Ronda 14","og_description":"Qui sommes-nous ? Accueil Ronda 14 Mario C\u00e9spedes et Conchi \u00c1lvarez Mario C\u00e9spedes (Lima, 1985) d\u00e9veloppe un projet culinaire tr\u00e8s personnel dans ses restaurants Ronda 14. Il y a cr\u00e9\u00e9 un concept de cuisine fusion p\u00e9ruvienne bas\u00e9e sur des produits d&rsquo;origine asturienne avec lesquels il cherche \u00e0 faire plaisir aux convives. Sa cuisine repose sur [&hellip;]","og_url":"https:\/\/ronda14.com\/fr\/qui-sommes-nous\/","og_site_name":"Ronda 14","og_image":[{"width":200,"height":94,"url":"https:\/\/ronda14.com\/wp-content\/uploads\/2024\/08\/ronda14_restaurante_logo.png","type":"image\/png"}],"twitter_card":"summary_large_image","twitter_misc":{"Dur\u00e9e de lecture estim\u00e9e":"3 minutes"},"schema":{"@context":"https:\/\/schema.org","@graph":[{"@type":"Article","@id":"https:\/\/ronda14.com\/fr\/qui-sommes-nous\/#article","isPartOf":{"@id":"https:\/\/ronda14.com\/fr\/qui-sommes-nous\/"},"author":{"name":"ronda14","@id":"https:\/\/ronda14.com\/fr\/#\/schema\/person\/6db7a9d59e22c129fece9e94d27ccd1c"},"headline":"Qui sommes-nous ?","datePublished":"2025-12-15T10:49:32+00:00","mainEntityOfPage":{"@id":"https:\/\/ronda14.com\/fr\/qui-sommes-nous\/"},"wordCount":523,"publisher":{"@id":"https:\/\/ronda14.com\/fr\/#organization"},"inLanguage":"fr-FR"},{"@type":"WebPage","@id":"https:\/\/ronda14.com\/fr\/qui-sommes-nous\/","url":"https:\/\/ronda14.com\/fr\/qui-sommes-nous\/","name":"Qui sommes-nous ? | Ronda 14","isPartOf":{"@id":"https:\/\/ronda14.com\/fr\/#website"},"datePublished":"2025-12-15T10:49:32+00:00","breadcrumb":{"@id":"https:\/\/ronda14.com\/fr\/qui-sommes-nous\/#breadcrumb"},"inLanguage":"fr-FR","potentialAction":[{"@type":"ReadAction","target":["https:\/\/ronda14.com\/fr\/qui-sommes-nous\/"]}]},{"@type":"BreadcrumbList","@id":"https:\/\/ronda14.com\/fr\/qui-sommes-nous\/#breadcrumb","itemListElement":[{"@type":"ListItem","position":1,"name":"Portada","item":"https:\/\/ronda14.com\/fr\/"},{"@type":"ListItem","position":2,"name":"Qui sommes-nous ?"}]},{"@type":"WebSite","@id":"https:\/\/ronda14.com\/fr\/#website","url":"https:\/\/ronda14.com\/fr\/","name":"Ronda 14","description":"Restaurante Fusi\u00f3n peruano japonesa y comida Nikkei","publisher":{"@id":"https:\/\/ronda14.com\/fr\/#organization"},"potentialAction":[{"@type":"SearchAction","target":{"@type":"EntryPoint","urlTemplate":"https:\/\/ronda14.com\/fr\/?s={search_term_string}"},"query-input":{"@type":"PropertyValueSpecification","valueRequired":true,"valueName":"search_term_string"}}],"inLanguage":"fr-FR"},{"@type":"Organization","@id":"https:\/\/ronda14.com\/fr\/#organization","name":"Ronda 14","url":"https:\/\/ronda14.com\/fr\/","logo":{"@type":"ImageObject","inLanguage":"fr-FR","@id":"https:\/\/ronda14.com\/fr\/#\/schema\/logo\/image\/","url":"https:\/\/ronda14.com\/wp-content\/uploads\/2024\/08\/ronda14_restaurante_logo.png","contentUrl":"https:\/\/ronda14.com\/wp-content\/uploads\/2024\/08\/ronda14_restaurante_logo.png","width":200,"height":94,"caption":"Ronda 14"},"image":{"@id":"https:\/\/ronda14.com\/fr\/#\/schema\/logo\/image\/"}},{"@type":"Person","@id":"https:\/\/ronda14.com\/fr\/#\/schema\/person\/6db7a9d59e22c129fece9e94d27ccd1c","name":"ronda14","image":{"@type":"ImageObject","inLanguage":"fr-FR","@id":"https:\/\/secure.gravatar.com\/avatar\/138e56bd5c0eb9dc2ca150e90a72cecdaf7cd3c50f62a923fabe62515a19bf3b?s=96&d=mm&r=g","url":"https:\/\/secure.gravatar.com\/avatar\/138e56bd5c0eb9dc2ca150e90a72cecdaf7cd3c50f62a923fabe62515a19bf3b?s=96&d=mm&r=g","contentUrl":"https:\/\/secure.gravatar.com\/avatar\/138e56bd5c0eb9dc2ca150e90a72cecdaf7cd3c50f62a923fabe62515a19bf3b?s=96&d=mm&r=g","caption":"ronda14"},"sameAs":["https:\/\/ronda14.com"],"url":"https:\/\/ronda14.com\/fr\/author\/ronda14\/"}]}},"_links":{"self":[{"href":"https:\/\/ronda14.com\/fr\/wp-json\/wp\/v2\/pages\/1993","targetHints":{"allow":["GET"]}}],"collection":[{"href":"https:\/\/ronda14.com\/fr\/wp-json\/wp\/v2\/pages"}],"about":[{"href":"https:\/\/ronda14.com\/fr\/wp-json\/wp\/v2\/types\/page"}],"author":[{"embeddable":true,"href":"https:\/\/ronda14.com\/fr\/wp-json\/wp\/v2\/users\/1"}],"replies":[{"embeddable":true,"href":"https:\/\/ronda14.com\/fr\/wp-json\/wp\/v2\/comments?post=1993"}],"version-history":[{"count":12,"href":"https:\/\/ronda14.com\/fr\/wp-json\/wp\/v2\/pages\/1993\/revisions"}],"predecessor-version":[{"id":2879,"href":"https:\/\/ronda14.com\/fr\/wp-json\/wp\/v2\/pages\/1993\/revisions\/2879"}],"wp:attachment":[{"href":"https:\/\/ronda14.com\/fr\/wp-json\/wp\/v2\/media?parent=1993"}],"curies":[{"name":"wp","href":"https:\/\/api.w.org\/{rel}","templated":true}]}}